{"id":12366,"date":"2018-09-21T09:57:30","date_gmt":"2018-09-21T09:57:30","guid":{"rendered":"http:\/\/www.sagnheimar.is\/?page_id=12366"},"modified":"2022-04-19T09:06:37","modified_gmt":"2022-04-19T09:06:37","slug":"vidburdir","status":"publish","type":"page","link":"https:\/\/www.sagnheimar.is\/en\/syningar\/vidburdir\/","title":{"rendered":"Vi\u00f0bur\u00f0ir"},"content":{"rendered":"<div class=\"wpb-content-wrapper\"><p>[vc_row][vc_column][vc_column_text]<\/p>\n<div class=\"mainbar\">\n<p><strong>Sagnheimar skipuleggja fj\u00f6ldan allan af spennandi menningarvi\u00f0bur\u00f0um \u00e1 hverju \u00e1ri. Vi\u00f0bur\u00f0irnir eru yfirleitt styrktir af \u00feri\u00f0ja a\u00f0ila og gjarnan \u00ed samstarfi vi\u00f0 stofnanir.<\/strong><\/p>\n<\/div>\n<p>[\/vc_column_text][dfd_heading style=&#8221;style_05&#8243; subtitle=&#8221;&#8221; content_alignment=&#8221;text-left&#8221; delimiter_settings=&#8221;delimiter_style:solid|delimiter_width:80|delimiter_height:5|delimiter_color:%23007bc2&#8243; delimiter_margin=&#8221;margin-top:11|margin-bottom:11&#8243; title_font_options=&#8221;tag:h2&#8243; subtitle_font_options=&#8221;tag:h3&#8243; heading_margin=&#8221;margin-top:32&#8243; tutorials=&#8221;&#8221;]Vi\u00f0bur\u00f0ir[\/dfd_heading][dfd_blog_posts posts_to_show=&#8221;10&#8243; items_offset=&#8221;20&#8243; columns=&#8221;4&#8243; thumb_rounded=&#8221;6&#8243; show_sort_panel=&#8221;&#8221; post_show_meta=&#8221;&#8221; post_show_author_box=&#8221;&#8221; post_content_style=&#8221;full&#8221; post_style=&#8221;fitRows&#8221; post_categories=&#8221;vidburdir&#8221; tutorials=&#8221;&#8221;][dfd_spacer screen_wide_spacer_size=&#8221;55&#8243; screen_normal_resolution=&#8221;1024&#8243; screen_tablet_resolution=&#8221;800&#8243; screen_mobile_resolution=&#8221;480&#8243; screen_normal_spacer_size=&#8221;33&#8243; screen_tablet_spacer_size=&#8221;22&#8243;][\/vc_column][\/vc_row][vc_row disable_element=&#8221;yes&#8221; bg_type=&#8221;bg_color&#8221; bg_override=&#8221;full&#8221; css=&#8221;.vc_custom_1610108448238{padding-bottom: 33px !important;}&#8221; bg_color_value=&#8221;#e8e8e8&#8243;][vc_column][dfd_heading style=&#8221;style_05&#8243; subtitle=&#8221;Opi\u00f0 m\u00e1l\u00feing \u00ed Sagnheimum 07.10. 2017&#8243; content_alignment=&#8221;text-left&#8221; delimiter_settings=&#8221;delimiter_style:solid|delimiter_width:80|delimiter_height:5|delimiter_color:%23007bc2&#8243; delimiter_margin=&#8221;margin-top:11|margin-bottom:11&#8243; title_font_options=&#8221;tag:h2&#8243; subtitle_font_options=&#8221;tag:h3&#8243; heading_margin=&#8221;margin-top:32&#8243; subheading_margin=&#8221;margin-bottom:32&#8243;]Saga og \u00fer\u00f3un netager\u00f0a og netaverkst\u00e6\u00f0a[\/dfd_heading][dfd_blog_posts posts_to_show=&#8221;10&#8243; items_offset=&#8221;20&#8243; columns=&#8221;4&#8243; thumb_rounded=&#8221;6&#8243; show_sort_panel=&#8221;&#8221; post_show_meta=&#8221;&#8221; post_show_author_box=&#8221;&#8221; post_content_style=&#8221;full&#8221; post_style=&#8221;fitRows&#8221; post_categories=&#8221;vidburdir&#8221;][\/vc_column][\/vc_row][vc_row css=&#8221;.vc_custom_1537524310585{margin-top: 55px !important;}&#8221;][vc_column][dfd_heading style=&#8221;style_05&#8243; subtitle=&#8221;&#8221; content_alignment=&#8221;text-left&#8221; delimiter_settings=&#8221;delimiter_style:solid|delimiter_width:80|delimiter_height:5|delimiter_color:%23007bc2&#8243; delimiter_margin=&#8221;margin-top:11|margin-bottom:11&#8243; title_font_options=&#8221;tag:h2&#8243; subtitle_font_options=&#8221;tag:h3&#8243; heading_margin=&#8221;margin-top:32&#8243;]Vi\u00f0bur\u00f0askr\u00e1r undanfarinna \u00e1ra[\/dfd_heading][\/vc_column][\/vc_row][vc_row dfd_row_config=&#8221;full_width_content&#8221;][vc_column width=&#8221;1\/2&#8243; col_shadow=&#8221;box_shadow_enable:disable|shadow_horizontal:0|shadow_vertical:15|shadow_blur:50|shadow_spread:0|box_shadow_color:rgba(0%2C0%2C0%2C0.35)&#8221; col_shadow_hover=&#8221;box_shadow_enable:disable|shadow_horizontal:0|shadow_vertical:15|shadow_blur:50|shadow_spread:0|box_shadow_color:rgba(0%2C0%2C0%2C0.35)&#8221;][vc_column_text]<\/p>\n<div class=\"mainbar\">\n<p>Vi\u00f0bur\u00f0askr\u00e1 \u00e1rsins 2018 &#8211;<a href=\"http:\/\/www.sagnheimar.is\/wp-content\/uploads\/2019\/04\/Vi\u00f0bur\u00f0ir-2018.pdf\" target=\"_blank\" rel=\"noopener noreferrer\"> pdf-skr\u00e1<\/a><\/p>\n<p>Vi\u00f0bur\u00f0askr\u00e1 \u00e1rsins 2017 &#8211;<a href=\"http:\/\/www.sagnheimar.is\/wp-content\/uploads\/2018\/03\/vidburdir-safnahuss-2017.pdf\" target=\"_blank\" rel=\"noopener noreferrer\"> pdf-skr\u00e1<\/a><\/p>\n<p>Vi\u00f0bur\u00f0askr\u00e1 \u00e1rsins 2016 &#8211; <a href=\"http:\/\/www.sagnheimar.is\/wp-content\/uploads\/2018\/04\/vidburdir-i-safnahusi-2016-kba.pdf\" target=\"_blank\" rel=\"noopener noreferrer\">pdf-skr\u00e1<\/a><\/p>\n<p>Vi\u00f0bur\u00f0askr\u00e1 \u00e1rsins 2015 &#8211; <a href=\"http:\/\/www.sagnheimar.is\/wp-content\/uploads\/2018\/04\/vidburdir-safnahuss-2015.pdf\" target=\"_blank\" rel=\"noopener noreferrer\">pdf -skr\u00e1.<\/a><\/p>\n<\/div>\n<p>[\/vc_column_text][\/vc_column][vc_column width=&#8221;1\/2&#8243;][vc_column_text]<\/p>\n<div class=\"mainbar\">\n<p>Vi\u00f0bur\u00f0askr\u00e1\u00a0\u00e1rsins 2014 &#8211;\u00a0<a href=\"http:\/\/www.sagnheimar.is\/wp-content\/uploads\/2018\/04\/vidburdaskra-sagnheima-2014.pdf\" target=\"_blank\" rel=\"noopener noreferrer\">pdf &#8211; skr\u00e1.<\/a><\/p>\n<p>Vi\u00f0bur\u00f0askr\u00e1 \u00e1rsins 2013 &#8211; <a href=\"http:\/\/www.sagnheimar.is\/wp-content\/uploads\/2018\/04\/vidburdaskra-sagnheima-2013.pdf\" target=\"_blank\" rel=\"noopener noreferrer\">pdf &#8211; skr\u00e1<\/a>.<\/p>\n<\/div>\n<p>[\/vc_column_text][\/vc_column][\/vc_row]<\/p>\n<\/div>","protected":false},"excerpt":{"rendered":"<p>[vc_row][vc_column][vc_column_text] Sagnheimar skipuleggja fj\u00f6ldan allan af spennandi menningarvi\u00f0bur\u00f0um \u00e1 hverju \u00e1ri. Vi\u00f0bur\u00f0irnir eru yfirleitt styrktir af \u00feri\u00f0ja a\u00f0ila og gjarnan \u00ed samstarfi vi\u00f0 stofnanir. [\/vc_column_text][dfd_heading style=&#8221;style_05&#8243; subtitle=&#8221;&#8221; content_alignment=&#8221;text-left&#8221; delimiter_settings=&#8221;delimiter_style:solid|delimiter_width:80|delimiter_height:5|delimiter_color:%23007bc2&#8243; delimiter_margin=&#8221;margin-top:11|margin-bottom:11&#8243;<\/p>\n","protected":false},"author":1,"featured_media":0,"parent":521,"menu_order":0,"comment_status":"closed","ping_status":"closed","template":"","meta":{"footnotes":""},"class_list":["post-12366","page","type-page","status-publish","hentry"],"_links":{"self":[{"href":"https:\/\/www.sagnheimar.is\/en\/wp-json\/wp\/v2\/pages\/12366","targetHints":{"allow":["GET"]}}],"collection":[{"href":"https:\/\/www.sagnheimar.is\/en\/wp-json\/wp\/v2\/pages"}],"about":[{"href":"https:\/\/www.sagnheimar.is\/en\/wp-json\/wp\/v2\/types\/page"}],"author":[{"embeddable":true,"href":"https:\/\/www.sagnheimar.is\/en\/wp-json\/wp\/v2\/users\/1"}],"replies":[{"embeddable":true,"href":"https:\/\/www.sagnheimar.is\/en\/wp-json\/wp\/v2\/comments?post=12366"}],"version-history":[{"count":25,"href":"https:\/\/www.sagnheimar.is\/en\/wp-json\/wp\/v2\/pages\/12366\/revisions"}],"predecessor-version":[{"id":13423,"href":"https:\/\/www.sagnheimar.is\/en\/wp-json\/wp\/v2\/pages\/12366\/revisions\/13423"}],"up":[{"embeddable":true,"href":"https:\/\/www.sagnheimar.is\/en\/wp-json\/wp\/v2\/pages\/521"}],"wp:attachment":[{"href":"https:\/\/www.sagnheimar.is\/en\/wp-json\/wp\/v2\/media?parent=12366"}],"curies":[{"name":"wp","href":"https:\/\/api.w.org\/{rel}","templated":true}]}}