{"id":13129,"date":"2021-10-21T12:37:18","date_gmt":"2021-10-21T12:37:18","guid":{"rendered":"http:\/\/www.sagnheimar.is\/?page_id=13129"},"modified":"2024-01-25T12:24:19","modified_gmt":"2024-01-25T12:24:19","slug":"about-us","status":"publish","type":"page","link":"https:\/\/www.sagnheimar.is\/en\/about-us\/","title":{"rendered":"About us"},"content":{"rendered":"<div class=\"wpb-content-wrapper\"><p>[vc_row][vc_column width=&#8221;1\/2&#8243;][dfd_heading style=&#8221;style_05&#8243; subtitle=&#8221;&#8221; content_alignment=&#8221;text-left&#8221; delimiter_settings=&#8221;delimiter_style:solid|delimiter_width:80|delimiter_height:5|delimiter_color:%23007bc2&#8243; delimiter_margin=&#8221;margin-top:11|margin-bottom:11&#8243; title_font_options=&#8221;tag:h2&#8243; subtitle_font_options=&#8221;tag:h3&#8243;]Sagnheimar, folk museum[\/dfd_heading][vc_column_text]Sagnheimar Folk Museum was designed with the fact in mind to make the museum interactive and modern. The museum both touches on and displays the most historic parts of Westman Islands history. If you want to know more about the Turkish Invasion, \u00dej\u00f3\u00f0h\u00e1t\u00ed\u00f0 (our festival), Westman Islands puffin culture our fishing industry and just who the people of Westman Islands are then you must visit this museum, we believe that you will be surprisingly pleased.<\/p>\n<p>Museum Director: G\u00edgja \u00d3skarsd\u00f3ttir[\/vc_column_text][dfd_spacer screen_wide_spacer_size=&#8221;55&#8243; screen_normal_resolution=&#8221;1024&#8243; screen_tablet_resolution=&#8221;800&#8243; screen_mobile_resolution=&#8221;480&#8243;][\/vc_column][vc_column width=&#8221;1\/2&#8243;][dfd_single_image image=&#8221;11837&#8243;][\/vc_column][\/vc_row][vc_row][vc_column width=&#8221;1\/3&#8243;][dfd_info_box title=&#8221;Address&#8221; subtitle=&#8221;&#8221; main_content=&#8221;Safnah\u00fasi\u00f0 vi\u00f0 R\u00e1\u00f0h\u00fastr\u00f6\u00f0<br \/>\n900 Vestmannaeyjar<br \/>\ne-mail: sagnheimar@sagnheimar.is&#8221; select_icon=&#8221;fontawesome&#8221; ic_fontawesome=&#8221;fa fa-building-o&#8221; main_style=&#8221;style-1&#8243; main_layout=&#8221;layout-2&#8243; title_font_options=&#8221;tag:div&#8221; icon_color=&#8221;#007bc2&#8243;][\/vc_column][vc_column width=&#8221;1\/3&#8243;][dfd_info_box title=&#8221;Telephone&#8221; subtitle=&#8221;&#8221; main_content=&#8221;Tel.: 488 2050&#8243; select_icon=&#8221;fontawesome&#8221; ic_fontawesome=&#8221;fa fa-phone&#8221; main_style=&#8221;style-1&#8243; main_layout=&#8221;layout-2&#8243; title_font_options=&#8221;tag:div&#8221; icon_color=&#8221;#007bc2&#8243;][\/vc_column][vc_column width=&#8221;1\/3&#8243;][\/vc_column][\/vc_row]<\/p>\n<\/div>","protected":false},"excerpt":{"rendered":"<p>[vc_row][vc_column width=&#8221;1\/2&#8243;][dfd_heading style=&#8221;style_05&#8243; subtitle=&#8221;&#8221; content_alignment=&#8221;text-left&#8221; delimiter_settings=&#8221;delimiter_style:solid|delimiter_width:80|delimiter_height:5|delimiter_color:%23007bc2&#8243; delimiter_margin=&#8221;margin-top:11|margin-bottom:11&#8243; title_font_options=&#8221;tag:h2&#8243; subtitle_font_options=&#8221;tag:h3&#8243;]Sagnheimar, folk museum[\/dfd_heading][vc_column_text]Sagnheimar Folk Museum was designed with the fact in mind to make the museum interactive and modern. The museum both<\/p>\n","protected":false},"author":6,"featured_media":0,"parent":0,"menu_order":0,"comment_status":"closed","ping_status":"closed","template":"","meta":{"footnotes":""},"class_list":["post-13129","page","type-page","status-publish","hentry"],"_links":{"self":[{"href":"https:\/\/www.sagnheimar.is\/en\/wp-json\/wp\/v2\/pages\/13129","targetHints":{"allow":["GET"]}}],"collection":[{"href":"https:\/\/www.sagnheimar.is\/en\/wp-json\/wp\/v2\/pages"}],"about":[{"href":"https:\/\/www.sagnheimar.is\/en\/wp-json\/wp\/v2\/types\/page"}],"author":[{"embeddable":true,"href":"https:\/\/www.sagnheimar.is\/en\/wp-json\/wp\/v2\/users\/6"}],"replies":[{"embeddable":true,"href":"https:\/\/www.sagnheimar.is\/en\/wp-json\/wp\/v2\/comments?post=13129"}],"version-history":[{"count":5,"href":"https:\/\/www.sagnheimar.is\/en\/wp-json\/wp\/v2\/pages\/13129\/revisions"}],"predecessor-version":[{"id":13652,"href":"https:\/\/www.sagnheimar.is\/en\/wp-json\/wp\/v2\/pages\/13129\/revisions\/13652"}],"wp:attachment":[{"href":"https:\/\/www.sagnheimar.is\/en\/wp-json\/wp\/v2\/media?parent=13129"}],"curies":[{"name":"wp","href":"https:\/\/api.w.org\/{rel}","templated":true}]}}