{"id":527,"date":"2017-12-04T13:10:57","date_gmt":"2017-12-04T13:10:57","guid":{"rendered":"http:\/\/www.sagnheimar.is\/heimaeyjargosid\/"},"modified":"2018-03-26T14:18:26","modified_gmt":"2018-03-26T14:18:26","slug":"heimaeyjargosid","status":"publish","type":"page","link":"https:\/\/www.sagnheimar.is\/en\/syningar\/heimaeyjargosid\/","title":{"rendered":"Heimaeyjargosi\u00f0"},"content":{"rendered":"<div class=\"wpb-content-wrapper\"><p>[vc_row][vc_column width=&#8221;1\/2&#8243;][dfd_single_image image=&#8221;11730&#8243;][\/vc_column][vc_column width=&#8221;1\/2&#8243;][vc_column_text]A\u00f0faran\u00f3tt 23. jan\u00faar 1973 h\u00f3fst eldgos \u00ed Heimaey og n\u00e6r allir \u00edb\u00faarnir, um 5300 manns, voru fluttir til lands.<\/p>\n<p>\u00c1 s\u00fdningunni getur a\u00f0 l\u00edta fj\u00f6lda lj\u00f3smynda og hlusta m\u00e1 \u00e1 heimamenn segja fr\u00e1 gosinu og uppbyggingunni.[\/vc_column_text][\/vc_column][\/vc_row]<\/p>\n<\/div>","protected":false},"excerpt":{"rendered":"<p>[vc_row][vc_column width=&#8221;1\/2&#8243;][dfd_single_image image=&#8221;11730&#8243;][\/vc_column][vc_column width=&#8221;1\/2&#8243;][vc_column_text]A\u00f0faran\u00f3tt 23. jan\u00faar 1973 h\u00f3fst eldgos \u00ed Heimaey og n\u00e6r allir \u00edb\u00faarnir, um 5300 manns, voru fluttir til lands. \u00c1 s\u00fdningunni getur a\u00f0 l\u00edta fj\u00f6lda lj\u00f3smynda og<\/p>\n","protected":false},"author":1,"featured_media":0,"parent":521,"menu_order":0,"comment_status":"closed","ping_status":"open","template":"","meta":{"footnotes":""},"class_list":["post-527","page","type-page","status-publish","hentry"],"_links":{"self":[{"href":"https:\/\/www.sagnheimar.is\/en\/wp-json\/wp\/v2\/pages\/527","targetHints":{"allow":["GET"]}}],"collection":[{"href":"https:\/\/www.sagnheimar.is\/en\/wp-json\/wp\/v2\/pages"}],"about":[{"href":"https:\/\/www.sagnheimar.is\/en\/wp-json\/wp\/v2\/types\/page"}],"author":[{"embeddable":true,"href":"https:\/\/www.sagnheimar.is\/en\/wp-json\/wp\/v2\/users\/1"}],"replies":[{"embeddable":true,"href":"https:\/\/www.sagnheimar.is\/en\/wp-json\/wp\/v2\/comments?post=527"}],"version-history":[{"count":13,"href":"https:\/\/www.sagnheimar.is\/en\/wp-json\/wp\/v2\/pages\/527\/revisions"}],"predecessor-version":[{"id":11734,"href":"https:\/\/www.sagnheimar.is\/en\/wp-json\/wp\/v2\/pages\/527\/revisions\/11734"}],"up":[{"embeddable":true,"href":"https:\/\/www.sagnheimar.is\/en\/wp-json\/wp\/v2\/pages\/521"}],"wp:attachment":[{"href":"https:\/\/www.sagnheimar.is\/en\/wp-json\/wp\/v2\/media?parent=527"}],"curies":[{"name":"wp","href":"https:\/\/api.w.org\/{rel}","templated":true}]}}