{"id":531,"date":"2017-12-04T13:10:57","date_gmt":"2017-12-04T13:10:57","guid":{"rendered":"http:\/\/www.sagnheimar.is\/tyrkjaranid\/"},"modified":"2018-03-26T10:48:11","modified_gmt":"2018-03-26T10:48:11","slug":"tyrkjaranid","status":"publish","type":"page","link":"https:\/\/www.sagnheimar.is\/en\/syningar\/tyrkjaranid\/","title":{"rendered":"Tyrkjar\u00e1ni\u00f0"},"content":{"rendered":"<div class=\"wpb-content-wrapper\"><p>[vc_row][vc_column width=&#8221;1\/2&#8243;][dfd_single_image image=&#8221;11755&#8243;][dfd_spacer screen_wide_spacer_size=&#8221;22&#8243; screen_normal_resolution=&#8221;1024&#8243; screen_tablet_resolution=&#8221;800&#8243; screen_mobile_resolution=&#8221;480&#8243;][dfd_simple_image_gallery dfd_layer_image=&#8221;11754,11753,11756&#8243; items_offset=&#8221;10&#8243; image_width=&#8221;200&#8243; image_height=&#8221;200&#8243; slides_to_show=&#8221;3&#8243; slides_to_scroll=&#8221;1&#8243; carousel_slideshow_speed=&#8221;3000&#8243; images_style=&#8221;carousel&#8221;][\/vc_column][vc_column width=&#8221;1\/2&#8243;][vc_column_text]<\/p>\n<div class=\"mainbar\">\n<p>\u00dea\u00f0 var 16. j\u00fal\u00ed \u00e1ri\u00f0 1627 a\u00f0\u00a0\u00ferj\u00fa skip sigldu upp a\u00f0 austurstr\u00f6nd Heimaeyjar.<\/p>\n<p>\u00c1 land stigu 300 sj\u00f3r\u00e6ningjar og h\u00f6f\u00f0u me\u00f0 s\u00e9r 242 fanga til skips og seldu \u00e1 \u00fer\u00e6lamarka\u00f0i \u00ed Als\u00edr.<\/p>\n<p>Saga \u00feessa \u00f6rlagar\u00edku daga er s\u00f6g\u00f0 \u00e1 myndr\u00e6nan h\u00e1tt \u00ed formi teiknimynda. Sj\u00f3r\u00e6ningjahellir er fyrir b\u00f6rnin.<\/p>\n<\/div>\n<p>[\/vc_column_text][\/vc_column][\/vc_row]<\/p>\n<\/div>","protected":false},"excerpt":{"rendered":"<p>[vc_row][vc_column width=&#8221;1\/2&#8243;][dfd_single_image image=&#8221;11755&#8243;][dfd_spacer screen_wide_spacer_size=&#8221;22&#8243; screen_normal_resolution=&#8221;1024&#8243; screen_tablet_resolution=&#8221;800&#8243; screen_mobile_resolution=&#8221;480&#8243;][dfd_simple_image_gallery dfd_layer_image=&#8221;11754,11753,11756&#8243; items_offset=&#8221;10&#8243; image_width=&#8221;200&#8243; image_height=&#8221;200&#8243; slides_to_show=&#8221;3&#8243; slides_to_scroll=&#8221;1&#8243; carousel_slideshow_speed=&#8221;3000&#8243; images_style=&#8221;carousel&#8221;][\/vc_column][vc_column width=&#8221;1\/2&#8243;][vc_column_text] \u00dea\u00f0 var 16. j\u00fal\u00ed \u00e1ri\u00f0 1627 a\u00f0\u00a0\u00ferj\u00fa skip sigldu upp a\u00f0 austurstr\u00f6nd Heimaeyjar. \u00c1<\/p>\n","protected":false},"author":1,"featured_media":0,"parent":521,"menu_order":0,"comment_status":"closed","ping_status":"open","template":"","meta":{"footnotes":""},"class_list":["post-531","page","type-page","status-publish","hentry"],"_links":{"self":[{"href":"https:\/\/www.sagnheimar.is\/en\/wp-json\/wp\/v2\/pages\/531","targetHints":{"allow":["GET"]}}],"collection":[{"href":"https:\/\/www.sagnheimar.is\/en\/wp-json\/wp\/v2\/pages"}],"about":[{"href":"https:\/\/www.sagnheimar.is\/en\/wp-json\/wp\/v2\/types\/page"}],"author":[{"embeddable":true,"href":"https:\/\/www.sagnheimar.is\/en\/wp-json\/wp\/v2\/users\/1"}],"replies":[{"embeddable":true,"href":"https:\/\/www.sagnheimar.is\/en\/wp-json\/wp\/v2\/comments?post=531"}],"version-history":[{"count":15,"href":"https:\/\/www.sagnheimar.is\/en\/wp-json\/wp\/v2\/pages\/531\/revisions"}],"predecessor-version":[{"id":11773,"href":"https:\/\/www.sagnheimar.is\/en\/wp-json\/wp\/v2\/pages\/531\/revisions\/11773"}],"up":[{"embeddable":true,"href":"https:\/\/www.sagnheimar.is\/en\/wp-json\/wp\/v2\/pages\/521"}],"wp:attachment":[{"href":"https:\/\/www.sagnheimar.is\/en\/wp-json\/wp\/v2\/media?parent=531"}],"curies":[{"name":"wp","href":"https:\/\/api.w.org\/{rel}","templated":true}]}}