{"id":543,"date":"2017-12-04T13:10:57","date_gmt":"2017-12-04T13:10:57","guid":{"rendered":"http:\/\/www.sagnheimar.is\/adgangseyrir\/"},"modified":"2018-04-01T12:43:42","modified_gmt":"2018-04-01T12:43:42","slug":"adgangseyrir","status":"publish","type":"page","link":"https:\/\/www.sagnheimar.is\/en\/adgangseyrir\/","title":{"rendered":"A\u00f0gangseyrir"},"content":{"rendered":"<div class=\"wpb-content-wrapper\"><p>[vc_row][vc_column width=&#8221;1\/2&#8243;][dfd_single_image image=&#8221;12133&#8243;][\/vc_column][vc_column width=&#8221;1\/2&#8243;][vc_column_text]A\u00f0gangseyrir er 1000 kr\u00f3nur fyrir 18 \u00e1ra og eldri.<\/p>\n<p>Fr\u00edtt er fyrir b\u00f6rn. 750 kr. fyrir eldri borgara.<\/p>\n<p>N\u00fa bj\u00f3\u00f0um vi\u00f0 mi\u00f0a inn \u00e1 b\u00e6\u00f0i Sagnheima og S\u00e6heima \u00e1 kr. 1500 e\u00f0a me\u00f0 25% afsl\u00e6tti.<\/p>\n<p>H\u00e6gt er a\u00f0 n\u00e1lgast mi\u00f0ana \u00ed afgrei\u00f0slum safnanna.<\/p>\n<p>H\u00f3par, 10 og fleiri borga kr. 750 \u00e1 mann.[\/vc_column_text][\/vc_column][\/vc_row]<\/p>\n<\/div>","protected":false},"excerpt":{"rendered":"<p>[vc_row][vc_column width=&#8221;1\/2&#8243;][dfd_single_image image=&#8221;12133&#8243;][\/vc_column][vc_column width=&#8221;1\/2&#8243;][vc_column_text]A\u00f0gangseyrir er 1000 kr\u00f3nur fyrir 18 \u00e1ra og eldri. Fr\u00edtt er fyrir b\u00f6rn. 750 kr. fyrir eldri borgara. N\u00fa bj\u00f3\u00f0um vi\u00f0 mi\u00f0a inn \u00e1 b\u00e6\u00f0i Sagnheima og<\/p>\n","protected":false},"author":1,"featured_media":0,"parent":0,"menu_order":0,"comment_status":"closed","ping_status":"open","template":"","meta":{"footnotes":""},"class_list":["post-543","page","type-page","status-publish","hentry"],"_links":{"self":[{"href":"https:\/\/www.sagnheimar.is\/en\/wp-json\/wp\/v2\/pages\/543","targetHints":{"allow":["GET"]}}],"collection":[{"href":"https:\/\/www.sagnheimar.is\/en\/wp-json\/wp\/v2\/pages"}],"about":[{"href":"https:\/\/www.sagnheimar.is\/en\/wp-json\/wp\/v2\/types\/page"}],"author":[{"embeddable":true,"href":"https:\/\/www.sagnheimar.is\/en\/wp-json\/wp\/v2\/users\/1"}],"replies":[{"embeddable":true,"href":"https:\/\/www.sagnheimar.is\/en\/wp-json\/wp\/v2\/comments?post=543"}],"version-history":[{"count":3,"href":"https:\/\/www.sagnheimar.is\/en\/wp-json\/wp\/v2\/pages\/543\/revisions"}],"predecessor-version":[{"id":13671,"href":"https:\/\/www.sagnheimar.is\/en\/wp-json\/wp\/v2\/pages\/543\/revisions\/13671"}],"wp:attachment":[{"href":"https:\/\/www.sagnheimar.is\/en\/wp-json\/wp\/v2\/media?parent=543"}],"curies":[{"name":"wp","href":"https:\/\/api.w.org\/{rel}","templated":true}]}}