{"id":545,"date":"2017-12-04T13:10:57","date_gmt":"2017-12-04T13:10:57","guid":{"rendered":"http:\/\/www.sagnheimar.is\/her-erum-vid\/"},"modified":"2017-12-04T13:10:57","modified_gmt":"2017-12-04T13:10:57","slug":"her-erum-vid","status":"publish","type":"page","link":"https:\/\/www.sagnheimar.is\/en\/her-erum-vid\/","title":{"rendered":"H\u00e9r erum vi\u00f0"},"content":{"rendered":"<div class=\"maincontent1\">\n<div>Sagnheimar eru \u00ed Vestmannaeyjum. Kort me\u00f0 sta\u00f0setningu S\u00e6heima m\u00e1 sj\u00e1 h\u00e9r a\u00f0 ne\u00f0an, einnig \u00e1 kortinu eru Sagnheimar og Surtseyjarstofa:<\/div>\n<div>&nbsp;<\/div>\n<div><iframe loading=\"lazy\" width=\"425\" height=\"350\" frameborder=\"0\" scrolling=\"no\" marginheight=\"0\" marginwidth=\"0\" src=\"https:\/\/maps.google.is\/maps\/ms?hl=en&amp;gl=is&amp;ie=UTF8&amp;oe=UTF8&amp;msa=0&amp;msid=212158327229716672223.0004d4fc1d14788accbf8&amp;t=m&amp;ll=63.440437,-20.272307&amp;spn=0.006716,0.018239&amp;z=15&amp;output=embed\"><\/iframe><br \/>\n<small>View <a href=\"https:\/\/maps.google.is\/maps\/ms?hl=en&amp;gl=is&amp;ie=UTF8&amp;oe=UTF8&amp;msa=0&amp;msid=212158327229716672223.0004d4fc1d14788accbf8&amp;t=m&amp;ll=63.440437,-20.272307&amp;spn=0.006716,0.018239&amp;z=15&amp;source=embed\" style=\"color:#0000FF;text-align:center\">S\u00f6fn \u00ed Eyjum<\/a> in a larger map<\/small><\/div>\n<div>\u00de\u00fa kemst til Eyja me\u00f0 \u00fev\u00ed a\u00f0 taka ferjuna Herj\u00f3lf fr\u00e1 \u00deorl\u00e1ksh\u00f6fn e\u00f0a Landeyjah\u00f6fn. Einnig er h\u00e6gt a\u00f0 flj\u00faga til Vestmannaeyja me\u00f0 flugf\u00e9laginu \u00d6rnum.   H\u00e9r b\u00f3kar \u00fe\u00fa fer\u00f0ir til Eyja:   Herj\u00f3lfur: 481 2800 Flugf\u00e9lagi\u00f0 Ernir: 562 4200     P\u00f3stfang Sagnheima:   R\u00e1\u00f0h\u00fastr\u00f6\u00f0 900 Vestmannaeyjum \u00cdsland<\/div>\n<div>&nbsp;<\/div>\n<div>&nbsp;<\/div>\n<hr>\n<div>&nbsp;<\/div>\n<\/div>\n","protected":false},"excerpt":{"rendered":"<p>Sagnheimar eru \u00ed Vestmannaeyjum. Kort me\u00f0 sta\u00f0setningu S\u00e6heima m\u00e1 sj\u00e1 h\u00e9r a\u00f0 ne\u00f0an, einnig \u00e1 kortinu eru Sagnheimar og Surtseyjarstofa: &nbsp; View S\u00f6fn \u00ed Eyjum in a larger map \u00de\u00fa<\/p>\n","protected":false},"author":1,"featured_media":0,"parent":0,"menu_order":0,"comment_status":"closed","ping_status":"open","template":"","meta":{"footnotes":""},"class_list":["post-545","page","type-page","status-publish","hentry"],"_links":{"self":[{"href":"https:\/\/www.sagnheimar.is\/en\/wp-json\/wp\/v2\/pages\/545","targetHints":{"allow":["GET"]}}],"collection":[{"href":"https:\/\/www.sagnheimar.is\/en\/wp-json\/wp\/v2\/pages"}],"about":[{"href":"https:\/\/www.sagnheimar.is\/en\/wp-json\/wp\/v2\/types\/page"}],"author":[{"embeddable":true,"href":"https:\/\/www.sagnheimar.is\/en\/wp-json\/wp\/v2\/users\/1"}],"replies":[{"embeddable":true,"href":"https:\/\/www.sagnheimar.is\/en\/wp-json\/wp\/v2\/comments?post=545"}],"version-history":[{"count":0,"href":"https:\/\/www.sagnheimar.is\/en\/wp-json\/wp\/v2\/pages\/545\/revisions"}],"wp:attachment":[{"href":"https:\/\/www.sagnheimar.is\/en\/wp-json\/wp\/v2\/media?parent=545"}],"curies":[{"name":"wp","href":"https:\/\/api.w.org\/{rel}","templated":true}]}}